{"id":2,"date":"2020-10-09T09:50:16","date_gmt":"2020-10-09T09:50:16","guid":{"rendered":"https:\/\/domains1fach.de\/?page_id=2"},"modified":"2020-10-13T08:12:14","modified_gmt":"2020-10-13T08:12:14","slug":"sample-page","status":"publish","type":"page","link":"https:\/\/domainseinfach.de\/?page_id=2","title":{"rendered":"Was kann ich f\u00fcr Sie tun?"},"content":{"rendered":"\n<p>In der Hauptsache k\u00f6nnte ich Ihnen helfen.<\/p>\n\n\n\n<p>Wenn Ihr Computer mal wieder nicht m\u00f6chte, wenn die Mails nicht mehr richtig ankommen oder wenn Sie neue Mailadressen oder Internetauftritte ben\u00f6tigen.<\/p>\n\n\n\n<blockquote class=\"wp-block-quote is-layout-flow wp-block-quote-is-layout-flow\"><p>Domains einrichten f\u00fcr Internetseiten<\/p><p>Mailadressen mit eigenem Namen anlegen und einrichten.<\/p><\/blockquote>\n\n\n\n<p>&#8230;oder auch nur:<\/p>\n\n\n\n<blockquote class=\"wp-block-quote is-layout-flow wp-block-quote-is-layout-flow\"><p>Es geht mal wieder gar nichts richtig:<\/p><p>Dann rufen Sie mich einfach an:<\/p><p>0170-4795515 oder 0911-381508<\/p><p>Schnelle Hilfe &#8211; wenn Sie sie brauchen.<\/p><\/blockquote>\n\n\n\n<p><\/p>\n","protected":false},"excerpt":{"rendered":"<p>In der Hauptsache k\u00f6nnte ich Ihnen helfen. Wenn Ihr Computer mal wieder nicht m\u00f6chte, wenn die Mails nicht mehr richtig ankommen oder wenn Sie neue Mailadressen oder Internetauftritte ben\u00f6tigen. Domains einrichten f\u00fcr Internetseiten Mailadressen mit eigenem Namen anlegen und einrichten. &#8230;oder auch nur: Es geht mal wieder gar nichts richtig: Dann rufen Sie mich einfach [&hellip;]<\/p>\n","protected":false},"author":1,"featured_media":0,"parent":0,"menu_order":0,"comment_status":"closed","ping_status":"open","template":"","meta":{"footnotes":""},"_links":{"self":[{"href":"https:\/\/domainseinfach.de\/index.php?rest_route=\/wp\/v2\/pages\/2"}],"collection":[{"href":"https:\/\/domainseinfach.de\/index.php?rest_route=\/wp\/v2\/pages"}],"about":[{"href":"https:\/\/domainseinfach.de\/index.php?rest_route=\/wp\/v2\/types\/page"}],"author":[{"embeddable":true,"href":"https:\/\/domainseinfach.de\/index.php?rest_route=\/wp\/v2\/users\/1"}],"replies":[{"embeddable":true,"href":"https:\/\/domainseinfach.de\/index.php?rest_route=%2Fwp%2Fv2%2Fcomments&post=2"}],"version-history":[{"count":2,"href":"https:\/\/domainseinfach.de\/index.php?rest_route=\/wp\/v2\/pages\/2\/revisions"}],"predecessor-version":[{"id":22,"href":"https:\/\/domainseinfach.de\/index.php?rest_route=\/wp\/v2\/pages\/2\/revisions\/22"}],"wp:attachment":[{"href":"https:\/\/domainseinfach.de\/index.php?rest_route=%2Fwp%2Fv2%2Fmedia&parent=2"}],"curies":[{"name":"wp","href":"https:\/\/api.w.org\/{rel}","templated":true}]}}